{"id":212,"date":"2023-12-14T15:11:30","date_gmt":"2023-12-14T14:11:30","guid":{"rendered":"https:\/\/coscalais.fr\/?page_id=212"},"modified":"2025-02-04T19:39:14","modified_gmt":"2025-02-04T18:39:14","slug":"avantages","status":"publish","type":"page","link":"https:\/\/coscalais.fr\/index.php\/avantages\/","title":{"rendered":"Avantages"},"content":{"rendered":"\n<p><strong>Colis de fin d&rsquo;ann\u00e9e<\/strong><\/p>\n\n\n\n<p>En d\u00e9cembre un colis est distribu\u00e9 aux adh\u00e9rents entrant dans les conditions d\u2019octroi \u00e0 la salle du Minck.<\/p>\n\n\n\n<p>Une carte cadeau sera \u00e9galement remise \u00e0 l\u2019occasion des f\u00eates de fin d\u2019ann\u00e9es pour les agents adh\u00e9rents et entrants dans les conditions d\u2019octroi.<\/p>\n\n\n\n<p><strong>Arbre de no\u00ebl<\/strong><\/p>\n\n\n\n<p>Pour les enfants d\u2019agent adh\u00e9rent entrant dans les conditions d\u2019octroi, distribution de jouets, friandises et un spectacle au th\u00e9\u00e2tre jusqu\u2019\u00e0 13 ans inclus ; pour les 14 \u2013 16 ans, remise de friandises, carte cadeau.<\/p>\n\n\n\n<p><strong>M\u00e9dailles<\/strong><\/p>\n\n\n\n<p>Lorsqu\u2019 un agent adh\u00e9rent est m\u00e9daill\u00e9, il se voit remettre un ch\u00e8que de 300 \u20ac et un cadeau, juste apr\u00e8s la c\u00e9r\u00e9monie de remise des m\u00e9dailles. En cas d\u2019absence de l\u2019agent \u00e0 cette c\u00e9r\u00e9monie, il peut venir les retirer, dans un d\u00e9lai d\u2019un mois, au bureau de la COS, sur pr\u00e9sentation de son dipl\u00f4me.<\/p>\n\n\n\n<p><strong>D\u00e9part \u00e0 la retraite<\/strong><\/p>\n\n\n\n<p>Les agents adh\u00e9rents partant \u00e0 la retraite ont droit \u00e0 un bon d\u2019achat. Celui-ci est remis lors de la c\u00e9r\u00e9monie officielle, ou directement au bureau de la COS si l\u2019agent ne fait pas de c\u00e9r\u00e9monie, dans ce cas, le bon d\u2019achat lui sera remis sur pr\u00e9sentation d\u2019un justificatif, dans un d\u00e9lai d\u2019un mois suivant la date de d\u00e9part en retraite.<\/p>\n\n\n\n<p><strong>Cadeau de naissance<\/strong><\/p>\n\n\n\n<p>Sur pr\u00e9sentation d\u2019un acte de naissance au bureau de la COS, l\u2019agent adh\u00e9rent b\u00e9n\u00e9ficie, dans un d\u00e9lai d\u2019un mois, d\u2019une carte cadeau d&rsquo;une valeur de 135 euros.<\/p>\n\n\n\n<p><strong>Ch\u00e8ques vacances et cartes culture<\/strong><\/p>\n\n\n<a href=\"https:\/\/coscalais.fr\/wp-content\/uploads\/2023\/12\/LIENS-UTILES-ANCV-1.pdf\" class=\"pdfemb-viewer\" style=\"\" data-width=\"max\" data-height=\"max\" data-toolbar=\"bottom\" data-toolbar-fixed=\"off\">LIENS-UTILES-ANCV-1<\/a>","protected":false},"excerpt":{"rendered":"<p>Colis de fin d&rsquo;ann\u00e9e En d\u00e9cembre un colis est distribu\u00e9 aux adh\u00e9rents entrant dans les conditions d\u2019octroi \u00e0 la salle du Minck. Une carte cadeau sera \u00e9galement remise \u00e0 l\u2019occasion des f\u00eates de fin d\u2019ann\u00e9es pour les agents adh\u00e9rents et entrants dans les conditions d\u2019octroi. Arbre de no\u00ebl Pour les enfants d\u2019agent adh\u00e9rent entrant dans les conditions d\u2019octroi, distribution de jouets, friandises et un spectacle &hellip; <\/p>\n","protected":false},"author":1,"featured_media":0,"parent":0,"menu_order":0,"comment_status":"closed","ping_status":"closed","template":"","meta":{"footnotes":""},"class_list":["post-212","page","type-page","status-publish","hentry","latest_post"],"_links":{"self":[{"href":"https:\/\/coscalais.fr\/index.php\/wp-json\/wp\/v2\/pages\/212","targetHints":{"allow":["GET"]}}],"collection":[{"href":"https:\/\/coscalais.fr\/index.php\/wp-json\/wp\/v2\/pages"}],"about":[{"href":"https:\/\/coscalais.fr\/index.php\/wp-json\/wp\/v2\/types\/page"}],"author":[{"embeddable":true,"href":"https:\/\/coscalais.fr\/index.php\/wp-json\/wp\/v2\/users\/1"}],"replies":[{"embeddable":true,"href":"https:\/\/coscalais.fr\/index.php\/wp-json\/wp\/v2\/comments?post=212"}],"version-history":[{"count":3,"href":"https:\/\/coscalais.fr\/index.php\/wp-json\/wp\/v2\/pages\/212\/revisions"}],"predecessor-version":[{"id":536,"href":"https:\/\/coscalais.fr\/index.php\/wp-json\/wp\/v2\/pages\/212\/revisions\/536"}],"wp:attachment":[{"href":"https:\/\/coscalais.fr\/index.php\/wp-json\/wp\/v2\/media?parent=212"}],"curies":[{"name":"wp","href":"https:\/\/api.w.org\/{rel}","templated":true}]}}